{"id":105,"date":"2013-01-28T14:22:14","date_gmt":"2013-01-28T13:22:14","guid":{"rendered":"http:\/\/www.tuswallmerod.de\/?page_id=105"},"modified":"2018-09-04T00:48:58","modified_gmt":"2018-09-03T22:48:58","slug":"foto-galerie","status":"publish","type":"page","link":"https:\/\/www.tus-wallmerod.de\/?page_id=105","title":{"rendered":"Foto-Alben"},"content":{"rendered":"<p>Bitte w\u00e4hlen Sie unten ein Album aus und es erscheint eine \u00dcbersichtsseite mit kleinen Vorschaubildern (Thumbnails; bei gro\u00dfen Alben bitte etwas Geduld nach dem Klick!). Nach dem Sie dann eines der Bildchen angeklickt haben, erscheint das entsprechende Foto in gro\u00df und anschlie\u00dfend k\u00f6nnen Sie mit den Pfeiltasten (rechts &lt;&#8211;&gt; links) oder der Maus (Symbole unter den Fotos) im Fotoalbum bl\u00e4ttern.<\/p>\nngg_shortcode_0_placeholder\n<p>&nbsp;<\/p>\n","protected":false},"excerpt":{"rendered":"<p>Bitte w\u00e4hlen Sie unten ein Album aus und es erscheint eine \u00dcbersichtsseite mit kleinen Vorschaubildern (Thumbnails; bei gro\u00dfen Alben bitte etwas Geduld nach dem Klick!). Nach dem Sie dann eines &hellip; <a href=\"https:\/\/www.tus-wallmerod.de\/?page_id=105\" class=\"more-link\"><span class=\"screen-reader-text\">Foto-Alben<\/span> weiterlesen <span class=\"meta-nav\">&rarr;<\/span><\/a><\/p>\n","protected":false},"author":1,"featured_media":0,"parent":0,"menu_order":7,"comment_status":"closed","ping_status":"closed","template":"","meta":{"ngg_post_thumbnail":0,"footnotes":"","_links_to":"","_links_to_target":""},"class_list":["post-105","page","type-page","status-publish","hentry"],"_links":{"self":[{"href":"https:\/\/www.tus-wallmerod.de\/index.php?rest_route=\/wp\/v2\/pages\/105","targetHints":{"allow":["GET"]}}],"collection":[{"href":"https:\/\/www.tus-wallmerod.de\/index.php?rest_route=\/wp\/v2\/pages"}],"about":[{"href":"https:\/\/www.tus-wallmerod.de\/index.php?rest_route=\/wp\/v2\/types\/page"}],"author":[{"embeddable":true,"href":"https:\/\/www.tus-wallmerod.de\/index.php?rest_route=\/wp\/v2\/users\/1"}],"replies":[{"embeddable":true,"href":"https:\/\/www.tus-wallmerod.de\/index.php?rest_route=%2Fwp%2Fv2%2Fcomments&post=105"}],"version-history":[{"count":31,"href":"https:\/\/www.tus-wallmerod.de\/index.php?rest_route=\/wp\/v2\/pages\/105\/revisions"}],"predecessor-version":[{"id":2950,"href":"https:\/\/www.tus-wallmerod.de\/index.php?rest_route=\/wp\/v2\/pages\/105\/revisions\/2950"}],"wp:attachment":[{"href":"https:\/\/www.tus-wallmerod.de\/index.php?rest_route=%2Fwp%2Fv2%2Fmedia&parent=105"}],"curies":[{"name":"wp","href":"https:\/\/api.w.org\/{rel}","templated":true}]}}