{"id":35,"date":"2013-01-28T12:15:27","date_gmt":"2013-01-28T11:15:27","guid":{"rendered":"http:\/\/www.tuswallmerod.de\/?page_id=35"},"modified":"2022-09-22T12:21:48","modified_gmt":"2022-09-22T10:21:48","slug":"turnabteilung","status":"publish","type":"page","link":"https:\/\/www.tus-wallmerod.de\/?page_id=35","title":{"rendered":"Abteilung Turnen"},"content":{"rendered":"<p>Trainingszeiten und Ansprechpartner:<\/p>\n<p><strong>Frauengymnastik f\u00fcr Seniorinnen<\/strong>:<br \/>\nMittwochs 20:00 &#8211; 21:30 Uhr<\/p>\n<p>Hilde Dasbach, <a href=\"&#x6d;&#x61;&#105;&#108;to&#x3a;&#x66;&#x72;&#97;ue&#x6e;&#x67;&#x79;&#109;&#110;a&#x73;&#x74;&#x69;&#107;&#64;t&#x75;&#x73;&#x2d;&#119;&#97;ll&#x6d;&#x65;&#x72;&#111;d&#46;&#x64;&#x65;\">&#102;&#x72;&#x61;&#117;&#x65;&#x6e;&#103;&#x79;&#x6d;&#110;&#x61;&#x73;&#116;&#x69;&#x6b;&#64;&#x74;&#x75;&#115;&#x2d;&#x77;&#97;&#x6c;&#x6c;&#109;&#x65;&#x72;o&#x64;&#x2e;d&#x65;<\/a><\/p>\n<p><strong>Frauenturnen<\/strong>:<br \/>\nDonnerstag 20:00 &#8211; 21:30 Uhr<\/p>\n<p>Anne Fachinger, <a href=\"&#109;&#x61;&#x69;&#108;&#x74;&#x6f;:&#x74;&#x75;r&#110;&#x65;n&#64;&#x74;u&#115;&#x2d;w&#97;&#x6c;l&#109;&#x65;&#x72;&#111;&#x64;&#x2e;&#100;&#x65;\">&#x74;&#x75;&#x72;&#110;&#101;n&#64;&#x74;&#x75;&#x73;&#45;&#119;al&#x6c;&#x6d;&#x65;&#114;&#111;d&#46;&#x64;&#x65;<\/a><\/p>\n<p><strong>Kinderturnen<\/strong>:<br \/>\nFreitags\u00a0 \u00a0 \u00a0 \u00a0 \u00a0 16:45 &#8211; 17:30 Uhr f\u00fcr 3-4 J\u00e4hrige<\/p>\n<p>Dienstags\u00a0 \u00a0 \u00a0 16:00 &#8211; 16:45 Uhr f\u00fcr 5-6 J\u00e4hrige<\/p>\n<p>Dienstags\u00a0 \u00a0 \u00a0 17:00 &#8211; 18:00 Uhr f\u00fcr Grundschulkinder<\/p>\n<p>Anne Fachinger, <a href=\"&#x6d;a&#x69;&#108;t&#x6f;&#58;&#x74;&#117;r&#x6e;&#101;&#x6e;&#64;t&#x75;&#115;&#x2d;&#x77;a&#x6c;&#108;m&#x65;&#114;&#x6f;&#100;&#46;&#x64;&#101;\">&#x74;&#x75;&#x72;&#x6e;&#x65;&#x6e;&#64;&#116;&#117;&#115;-wal&#x6c;&#x6d;&#x65;&#x72;&#x6f;&#x64;&#46;&#100;&#101;<\/a>,\u00a0Sina H\u00f6nig, <a href=\"mailto:mutter-kind-turnen@tus-wallmerod de\">&#x6d;&#117;t&#x74;&#101;r&#x2d;&#x6b;&#105;&#x6e;&#x64;&#45;t&#x75;&#114;n&#x65;&#x6e;&#64;&#x74;&#x75;&#115;-&#x77;&#97;l&#x6c;&#x6d;&#101;&#x72;&#x6f;&#100;&#46;&#x64;&#101;<\/a><\/p>\n<p><strong>Eltern-Kind-Turnen<\/strong>:<br \/>\nFreitags 15:30 &#8211; 16:30 Uhr f\u00fcr Kinder die Laufen k\u00f6nnen bis ca. 3 1\/2 Jahre in Begleitung eines Erwachsenen<\/p>\n<p>Sina H\u00f6nig, <a href=\"mailto:mutter-kind-turnen@tus-wallmerod de\">&#x6d;&#x75;&#x74;&#x74;&#x65;&#x72;&#x2d;&#x6b;&#x69;&#x6e;&#x64;&#x2d;&#x74;&#x75;&#x72;&#x6e;&#x65;&#x6e;&#x40;&#x74;&#x75;&#x73;&#x2d;&#x77;&#x61;&#x6c;&#x6c;&#x6d;&#x65;&#x72;&#x6f;&#x64;&#x2e;&#x64;&#x65;<\/a><\/p>\n<hr \/>\n<p><strong>Kinderturnen in unserem Verein &#8212; Turnen macht Spass!<\/strong><\/p>\n<p>Besonders im Kindesalter\u00a0 erscheint es vorteilhaft,\u00a0 wenn Eltern ihre Kinder dazu motivieren, sich an\u00a0 angebotenen\u00a0 altersgem\u00e4\u00dfen\u00a0 Bewegungsspielen im\u00a0 Bereich des Turnens\u00a0 zu beteiligen. Unsere\u00a0 \u00dcbungsleiterinnen sind st\u00e4ndig darauf bedacht, Kinder mit den aktuellsten Methoden f\u00fcr das Turnen und Sport im Allgemeinen zu begeistern.<\/p>\n<p>Die J\u00fcngsten: Unter Einbeziehung von\u00a0 Gro\u00df- und Kleinger\u00e4ten\u00a0 und altersgerechte\u00a0 Spiele\u00a0 wird f\u00fcr Kinder\u00a0 im\u00a0 Kindergartenalter ein erlebnisorientiertes Bewegungsangebot geschaffen. Hierbei werden nicht nur Kraft, Ausdauer, Schnelligkeit, Beweglichkeit und Koordination sondern auch das Lernen und die soziale Kompetenz durch die Freude an der Bewegung unterst\u00fctzt.<\/p>\n<p>Kinderturnen f\u00fcr Grundschulkinder: Das Bewegungsangebot f\u00fcr\u00a0 Kinder im Alter von 6 bis 8\u00a0 Jahren umfasst neben der\u00a0 Aufw\u00e4rmung mit und ohne\u00a0 Musik, gymnastische\u00a0 \u00dcbungen und Spiele. Mit Hilfe\u00a0 unterschiedlicher Gro\u00df- und\u00a0 Kleinger\u00e4tekombinationen,\u00a0 bei dessen Aufbau die Kinder selbst mitgestalten d\u00fcrfen, werden nicht nur verschiedene Bewegungsformen wie Balancieren, Klettern, Schwingen u.a. unterst\u00fctzt, sondern auch Vorstellungsverm\u00f6gen und Selbsteinsch\u00e4tzung angeregt. Alles was Freude bereitet probieren wir aus.<\/p>\n","protected":false},"excerpt":{"rendered":"<p>Trainingszeiten und Ansprechpartner: Frauengymnastik f\u00fcr Seniorinnen: Mittwochs 20:00 &#8211; 21:30 Uhr Hilde Dasbach, &#x66;&#x72;&#x61;&#x75;&#101;&#110;gym&#x6e;&#x61;&#x73;&#x74;&#105;&#107;&#64;tu&#x73;&#x2d;&#x77;&#x61;&#108;&#108;&#109;er&#x6f;&#x64;&#x2e;&#x64;&#101; Frauenturnen: Donnerstag 20:00 &#8211; 21:30 Uhr Anne Fachinger, &#x74;&#x75;&#x72;&#x6e;&#x65;&#x6e;&#x40;&#x74;&#x75;&#x73;&#x2d;&#x77;&#x61;&#x6c;&#108;&#109;&#101;&#114;&#111;&#100;&#46;&#100;&#101; Kinderturnen: Freitags\u00a0 \u00a0 \u00a0 \u00a0 \u00a0 16:45 &hellip; <a href=\"https:\/\/www.tus-wallmerod.de\/?page_id=35\" class=\"more-link\"><span class=\"screen-reader-text\">Abteilung Turnen<\/span> weiterlesen <span class=\"meta-nav\">&rarr;<\/span><\/a><\/p>\n","protected":false},"author":1,"featured_media":0,"parent":14,"menu_order":21,"comment_status":"closed","ping_status":"closed","template":"","meta":{"ngg_post_thumbnail":0,"footnotes":"","_links_to":"","_links_to_target":""},"class_list":["post-35","page","type-page","status-publish","hentry"],"_links":{"self":[{"href":"https:\/\/www.tus-wallmerod.de\/index.php?rest_route=\/wp\/v2\/pages\/35","targetHints":{"allow":["GET"]}}],"collection":[{"href":"https:\/\/www.tus-wallmerod.de\/index.php?rest_route=\/wp\/v2\/pages"}],"about":[{"href":"https:\/\/www.tus-wallmerod.de\/index.php?rest_route=\/wp\/v2\/types\/page"}],"author":[{"embeddable":true,"href":"https:\/\/www.tus-wallmerod.de\/index.php?rest_route=\/wp\/v2\/users\/1"}],"replies":[{"embeddable":true,"href":"https:\/\/www.tus-wallmerod.de\/index.php?rest_route=%2Fwp%2Fv2%2Fcomments&post=35"}],"version-history":[{"count":20,"href":"https:\/\/www.tus-wallmerod.de\/index.php?rest_route=\/wp\/v2\/pages\/35\/revisions"}],"predecessor-version":[{"id":6801,"href":"https:\/\/www.tus-wallmerod.de\/index.php?rest_route=\/wp\/v2\/pages\/35\/revisions\/6801"}],"up":[{"embeddable":true,"href":"https:\/\/www.tus-wallmerod.de\/index.php?rest_route=\/wp\/v2\/pages\/14"}],"wp:attachment":[{"href":"https:\/\/www.tus-wallmerod.de\/index.php?rest_route=%2Fwp%2Fv2%2Fmedia&parent=35"}],"curies":[{"name":"wp","href":"https:\/\/api.w.org\/{rel}","templated":true}]}}