{"id":42,"date":"2013-01-28T12:34:07","date_gmt":"2013-01-28T11:34:07","guid":{"rendered":"http:\/\/www.tuswallmerod.de\/?page_id=42"},"modified":"2025-12-28T11:06:17","modified_gmt":"2025-12-28T10:06:17","slug":"ju-jutsu","status":"publish","type":"page","link":"https:\/\/www.tus-wallmerod.de\/?page_id=42","title":{"rendered":"Abteilung Ju-Jutsu"},"content":{"rendered":"<p><a href=\"http:\/\/www.tuswallmerod.de\/wp-content\/uploads\/2013\/01\/logoJJ.jpg\"><img loading=\"lazy\" decoding=\"async\" class=\"alignnone wp-image-117\" src=\"http:\/\/www.tuswallmerod.de\/wp-content\/uploads\/2013\/01\/logoJJ-300x56.jpg\" alt=\"logoJJ\" width=\"461\" height=\"86\" srcset=\"https:\/\/www.tus-wallmerod.de\/wp-content\/uploads\/2013\/01\/logoJJ-300x56.jpg 300w, https:\/\/www.tus-wallmerod.de\/wp-content\/uploads\/2013\/01\/logoJJ-500x93.jpg 500w, https:\/\/www.tus-wallmerod.de\/wp-content\/uploads\/2013\/01\/logoJJ.jpg 522w\" sizes=\"auto, (max-width: 461px) 100vw, 461px\" \/><\/a><\/p>\n<p><span style=\"text-decoration: underline;\"><strong>Trainingszeiten:<\/strong><\/span><\/p>\n<ul>\n<li><strong>Dienstag 18.30 &#8211; 20.30 Uhr Anf\u00e4nger und Fortgeschrittene mit Mario &amp; Lara<br \/>\n<\/strong><\/li>\n<li><strong>Freitag&nbsp; &nbsp;&nbsp; 18.00 &#8211; 20<\/strong><strong>.00 Uhr Anf\u00e4nger und Fortgeschrittene <strong>mit Mario &amp; Lara<br \/>\n<\/strong><\/strong><\/li>\n<li><strong>Sonntag&nbsp; 12.00 &#8211; 14.00 Uhr Anf\u00e4nger und Fortgeschrittene mit Djafar<br \/>\n<\/strong><\/li>\n<\/ul>\n<p>Das Mindestalter liegt bei <strong>12 Jahren<\/strong>.<\/p>\n<p><strong><span style=\"text-decoration: underline;\">Trainingsort:<\/span><\/strong><\/p>\n<p><strong>Sport- und Kulturhalle Wallmerod, Am Sportplatz, 56414 Wallmerod<\/strong><\/p>\n<p>Ansprechpartner: Djafar Sadjadi, <a href=\"&#x6d;&#97;i&#x6c;&#116;&#111;&#x3a;&#x6a;&#117;-&#x6a;&#117;t&#x73;&#x75;&#64;t&#x75;&#115;-&#x77;&#x61;&#108;l&#x6d;&#101;r&#x6f;&#x64;&#46;d&#x65;\">&#x6a;&#x75;&#x2d;&#x6a;&#x75;&#x74;&#x73;&#x75;&#x40;&#x74;&#x75;&#x73;&#x2d;&#x77;&#x61;&#x6c;&#x6c;&#x6d;&#x65;&#x72;&#x6f;&#x64;&#46;&#100;&#101;<\/a><\/p>\n<hr>\n<p>Lieber Besucher unserer JJ-Seite<\/p>\n<p>willkommen auf den Seiten der Ju Jutsu-Abteilung des TuS Wallmerod. Wir verstehen uns als festen Bestandteil des Vereinslebens.<\/p>\n<p>Unsere Philosophie verfolgt verschiedene Gedanken des Ju Jutsu. Dabei spielen sicher sportliche Ans\u00e4tze und das Wettkampfgeschehen eine herausragende Rolle.<\/p>\n<p>Ein weiteres wichtiges Anliegen ist aber die Selbstverteidigung, bzw. Selbstbehauptung im t\u00e4glichen Miteinander. Hierbei gehen wir immer wieder aufs Neue der Frage nach, was ist bei einer m\u00f6glichen Attacke eines Angreifers im Alltag zu unternehmen. Mit einfachen Kenntnissen und Mitteln k\u00f6nnen wir beispielhaft L\u00f6sungsm\u00f6glichkeiten f\u00fcr verschiedene Szenarien anbieten.<\/p>\n<p>Kommen Sie einfach zum Training und \u00fcberzeugen sich selbst.<\/p>\n<p>Das Trainergespann:<\/p>\n<p><strong>Djafar Sadjadi, Abteilungsleiter und Trainer<\/strong><\/p>\n<ul>\n<li>1. DAN&nbsp;Ju-Jutsu<\/li>\n<li>Trainer<\/li>\n<li>Sportassistent<\/li>\n<li>\u00dcbungsleiter C Breitensport<\/li>\n<li>\u00dcbungsleiter B Sportpr\u00e4vention<\/li>\n<li>Pr\u00fcferlizenz Ju-Jutsu<\/li>\n<\/ul>\n<p><strong>Julian Kremer, stellvertretender Abteilungsleiter und Trainer<\/strong><\/p>\n<ul>\n<li>1. DAN&nbsp;Ju-Jutsu<\/li>\n<li>Trainer<\/li>\n<li>Sportassistent<\/li>\n<li>\u00dcbungsleiter C Breitensport<\/li>\n<li>Pr\u00fcferlizenz Ju-Jutsu<\/li>\n<\/ul>\n<p><strong>Lara Hill, Trainerin<\/strong><\/p>\n<ul>\n<li>1. DAN Ju-Jutsu<\/li>\n<li>Blue Belt BJJ<\/li>\n<li>Trainerin<\/li>\n<li>Sportassistentin Ju-Jutsu<\/li>\n<\/ul>\n<p><strong>Mario Kremer, Trainer<\/strong><\/p>\n<ul>\n<li>1. DAN Ju-Jutsu<\/li>\n<li>Trainer<\/li>\n<li>\u00dcbungsleiter C Breitensport<\/li>\n<\/ul>\n<p><strong>Matteo Casanova, Trainer<\/strong><\/p>\n<ul>\n<li>1. DAN Ju-Jutsu<\/li>\n<li>Black Belt BJJ<\/li>\n<li>Trainer<\/li>\n<li>Sportassistent<\/li>\n<li>Pr\u00fcferlizenz Ju-Jutsu<\/li>\n<\/ul>\n","protected":false},"excerpt":{"rendered":"<p>Trainingszeiten: Dienstag 18.30 &#8211; 20.30 Uhr Anf\u00e4nger und Fortgeschrittene mit Mario &amp; Lara Freitag&nbsp; &nbsp;&nbsp; 18.00 &#8211; 20.00 Uhr Anf\u00e4nger und Fortgeschrittene mit Mario &amp; Lara Sonntag&nbsp; 12.00 &#8211; 14.00 &hellip; <a href=\"https:\/\/www.tus-wallmerod.de\/?page_id=42\" class=\"more-link\"><span class=\"screen-reader-text\">Abteilung Ju-Jutsu<\/span> weiterlesen <span class=\"meta-nav\">&rarr;<\/span><\/a><\/p>\n","protected":false},"author":1,"featured_media":0,"parent":14,"menu_order":15,"comment_status":"closed","ping_status":"closed","template":"","meta":{"ngg_post_thumbnail":0,"footnotes":"","_links_to":"","_links_to_target":""},"class_list":["post-42","page","type-page","status-publish","hentry"],"_links":{"self":[{"href":"https:\/\/www.tus-wallmerod.de\/index.php?rest_route=\/wp\/v2\/pages\/42","targetHints":{"allow":["GET"]}}],"collection":[{"href":"https:\/\/www.tus-wallmerod.de\/index.php?rest_route=\/wp\/v2\/pages"}],"about":[{"href":"https:\/\/www.tus-wallmerod.de\/index.php?rest_route=\/wp\/v2\/types\/page"}],"author":[{"embeddable":true,"href":"https:\/\/www.tus-wallmerod.de\/index.php?rest_route=\/wp\/v2\/users\/1"}],"replies":[{"embeddable":true,"href":"https:\/\/www.tus-wallmerod.de\/index.php?rest_route=%2Fwp%2Fv2%2Fcomments&post=42"}],"version-history":[{"count":58,"href":"https:\/\/www.tus-wallmerod.de\/index.php?rest_route=\/wp\/v2\/pages\/42\/revisions"}],"predecessor-version":[{"id":7017,"href":"https:\/\/www.tus-wallmerod.de\/index.php?rest_route=\/wp\/v2\/pages\/42\/revisions\/7017"}],"up":[{"embeddable":true,"href":"https:\/\/www.tus-wallmerod.de\/index.php?rest_route=\/wp\/v2\/pages\/14"}],"wp:attachment":[{"href":"https:\/\/www.tus-wallmerod.de\/index.php?rest_route=%2Fwp%2Fv2%2Fmedia&parent=42"}],"curies":[{"name":"wp","href":"https:\/\/api.w.org\/{rel}","templated":true}]}}