{"id":5982,"date":"2018-05-23T13:19:47","date_gmt":"2018-05-23T11:19:47","guid":{"rendered":"http:\/\/www.tus-wallmerod.de\/?page_id=5982"},"modified":"2025-04-10T17:38:48","modified_gmt":"2025-04-10T15:38:48","slug":"datenschutz","status":"publish","type":"page","link":"https:\/\/www.tus-wallmerod.de\/?page_id=5982","title":{"rendered":"Datenschutz"},"content":{"rendered":"<p><strong><u>Datenschutzerkl\u00e4rung<\/u><\/strong><\/p>\n<p>Die im Folgenden aufgef\u00fchrten datenschutzrechtlichen Hinweise informieren Sie \u00fcber die im Zusammenhang mit dem Besuch der Website erhobenen personenbezogenen Daten und deren Nutzung.<\/p>\n<p>Der Verantwortliche im Sinne der Datenschutz-Grundverordnung und anderer nationaler Datenschutzgesetze der Mitgliedsstaaten sowie sonstiger datenschutzrechtlicher Bestimmungen ist:<\/p>\n<p>TUS 1894 e.V. Wallmerod<br \/>\nvertreten durch Karl Klima<br \/>\nEscherweg 9<br \/>\n56414 Molsberg<\/p>\n<p><strong>1. Datenverarbeitung auf der Website<\/strong><\/p>\n<p><strong>Umfang der Verarbeitung personenbezogener Daten:<\/strong><br \/>\nWir erheben und verwenden personenbezogene Daten unserer Nutzer grunds\u00e4tzlich nur, soweit dies zur Bereitstellung einer funktionsf\u00e4higen Website sowie unserer Inhalte und Leistungen erforderlich ist. Die Erhebung und Verwendung personenbezogener Daten unserer Nutzer erfolgt regelm\u00e4\u00dfig nur nach Einwilligung des Nutzers. Eine Ausnahme gilt in solchen F\u00e4llen, in denen eine vorherige Einholung einer Einwilligung aus tats\u00e4chlichen Gr\u00fcnden nicht m\u00f6glich ist und die Verarbeitung der Daten durch gesetzliche Vorschriften gestattet wird.<\/p>\n<p><strong>Datenl\u00f6schung und Speicherdauer<\/strong><strong><br \/>\n<\/strong>Die personenbezogenen Daten der betroffenen Person werden gel\u00f6scht oder gesperrt, sobald der Zweck der Speicherung entf\u00e4llt. Eine Speicherung kann dar\u00fcber hinaus erfolgen, wenn dies durch den europ\u00e4ischen oder nationalen Gesetzgeber in unionsrechtlichen Verordnungen, Gesetzen oder sonstigen Vorschriften, denen der Verantwortliche unterliegt, vorgesehen wurde. Eine Sperrung oder L\u00f6schung der Daten erfolgt auch dann, wenn eine durch die genannten Normen vorgeschriebene Speicherfrist abl\u00e4uft.<\/p>\n<p><strong>Bereitstellung der Website und Erstellung von Logfiles<\/strong><strong><br \/>\n<\/strong>Bei jedem Aufruf unserer Internetseite erfasst unser System automatisiert Daten und Informationen vom Computersystem des aufrufenden Rechners. Zweck der vor\u00fcbergehenden Datenspeicherung in den Logfiles ist die Sicherstellung einer funktionsf\u00e4higen Website. Rechtsgrundlage f\u00fcr die vor\u00fcbergehende Speicherung der Daten in den Logfiles ist demnach ein berechtigtes Interesse gem\u00e4\u00df Art. 6 Abs. 1 lit. f DSGVO.<\/p>\n<p>Folgende Daten werden hierbei erhoben:<br \/>\n\u2022 Informationen \u00fcber den Browsertyp und die verwendete Version<br \/>\n\u2022 Das Betriebssystem des Nutzers<br \/>\n\u2022 Den Internet-Service-Provider des Nutzers<br \/>\n\u2022 Die IP-Adresse des Nutzers<br \/>\n\u2022 Datum und Uhrzeit des Zugriffs<br \/>\n\u2022 Websites, von denen das System des Nutzers auf unsere Internetseite gelangt (Referrer-URL)<br \/>\n\u2022 Websites, die vom System des Nutzers \u00fcber unsere Website aufgerufen werden<\/p>\n<p>Die Daten werden gel\u00f6scht, sobald sie f\u00fcr die Erreichung des Zwecks nicht mehr erforderlich sind. Im Falle der Erfassung der Daten zur Bereitstellung der Website, ist dies der Fall, wenn die Sitzung beendet ist. Die Erhebung der Daten und die Speicherung in den Logfiles sind f\u00fcr den Betrieb der Website dringend erforderlich. Eine Widerspruchm\u00f6glichkeit besteht mithin nicht.<\/p>\n<p><strong>Cookies<\/strong><br \/>\nDiese Website verwendet sogenannte Cookies. Hierbei handelt es sich um kleine Dateien, die Ihr Browser automatisch erstellt und die auf Ihrem Endger\u00e4t (Laptop, Tablet, Smartphone o.\u00e4.) gespeichert werden, wenn Sie unsere Seite besuchen. Cookies richten auf Ihrem Endger\u00e4t keinen Schaden an, enthalten keine Viren, Trojaner oder sonstige Schadsoftware. In dem Cookie werden Informationen abgelegt, die sich jeweils im Zusammenhang mit dem spezifisch eingesetzten Endger\u00e4t ergeben. Dies bedeutet jedoch nicht, dass wir dadurch unmittelbar Kenntnis von Ihrer Identit\u00e4t erhalten. Der Einsatz von Cookies dient einerseits dazu, die Nutzung unseres Angebots f\u00fcr Sie angenehmer zu gestalten. So setzen wir sogenannte Session-Cookies ein, um zu erkennen, dass Sie einzelne Seiten unserer Website bereits besucht haben. Diese werden nach Verlassen unserer Seite automatisch gel\u00f6scht. Dar\u00fcber hinaus setzen wir ebenfalls zur Optimierung der Benutzerfreundlichkeit tempor\u00e4re Cookies ein, die f\u00fcr einen bestimmten festgelegten Zeitraum auf Ihrem Endger\u00e4t gespeichert werden. Besuchen Sie unsere Seite erneut, um unsere Dienste in Anspruch zu nehmen, wird automatisch erkannt, dass Sie bereits auf der Website waren und welche Eingaben und Einstellungen sie get\u00e4tigt haben, um diese nicht noch einmal eingeben zu m\u00fcssen. Zum anderen setzten wir Cookies ein, um die Nutzung unserer Website statistisch zu erfassen und zum Zwecke der Optimierung unseres Angebotes f\u00fcr Sie auszuwerten. Diese Cookies erm\u00f6glichen es uns, bei einem erneuten Besuch unserer Seite automatisch zu erkennen, dass Sie bereits bei uns waren. Diese Cookies werden nach einer jeweils definierten Zeit automatisch gel\u00f6scht. Die durch Cookies verarbeiteten Daten sind f\u00fcr die genannten Zwecke zur Wahrung unserer berechtigten Interessen sowie der Dritter nach Art. 6 Abs. 1 S. 1 lit. f DSGVO erforderlich. Die meisten Browser akzeptieren Cookies automatisch. Sie k\u00f6nnen Ihren Browser jedoch so konfigurieren, dass keine Cookies auf Ihrem Computer gespeichert werden oder stets ein Hinweis erscheint, bevor ein neuer Cookie angelegt wird. Die vollst\u00e4ndige Deaktivierung von Cookies kann jedoch dazu f\u00fchren, dass Sie nicht alle Funktionen der Website nutzen k\u00f6nnen.<\/p>\n<p><strong>2. Rechte der Betroffenen<\/strong><br \/>\nSobald personenbezogene Daten von Ihnen gem\u00e4\u00df der DSGVO verarbeitet werden, gelten Sie als betroffene Person. Dementsprechend haben Sie das Recht:<\/p>\n<ul>\n<li>ihre einmal erteilte Einwilligung jederzeit gegen\u00fcber uns zu widerrufen. Dies hat zur Folge, dass wir die Datenverarbeitung, die auf dieser Einwilligung beruhte, f\u00fcr die Zukunft nicht mehr fortf\u00fchren d\u00fcrfen;<\/li>\n<li>Auskunft \u00fcber Ihre von uns verarbeiteten personenbezogenen Daten zu verlangen. Insbesondere k\u00f6nnen Sie Auskunft \u00fcber die Verarbeitungszwecke, die Kategorie der personenbezogenen Daten, die Kategorien von Empf\u00e4ngern, gegen\u00fcber denen Ihre Daten offengelegt wurden oder werden, die geplante Speicherdauer, das Bestehen eines Rechts auf Berichtigung, L\u00f6schung, Einschr\u00e4nkung der Verarbeitung oder Widerspruch, das Bestehen eines Beschwerderechts, die Herkunft ihrer Daten, sofern diese nicht bei uns erhoben wurden, sowie \u00fcber das Bestehen einer automatisierten Entscheidungsfindung einschlie\u00dflich Profiling und ggf. aussagekr\u00e4ftigen Informationen zu deren Einzelheiten verlangen.<\/li>\n<li>unverz\u00fcglich die Berichtigung unrichtiger oder Vervollst\u00e4ndigung Ihrer bei uns gespeicherten personenbezogenen Daten zu verlangen;<\/li>\n<li>die L\u00f6schung Ihrer bei uns gespeicherten personenbezogenen Daten zu verlangen, soweit nicht die Verarbeitung zur Aus\u00fcbung des Rechts auf freie Meinungs\u00e4u\u00dferung und Information, zur Erf\u00fcllung einer rechtlichen Verpflichtung, aus Gr\u00fcnden des \u00f6ffentlichen Interesses oder zur Geltendmachung, Aus\u00fcbung oder Verteidigung von Rechtsanspr\u00fcchen erforderlich ist;<\/li>\n<li>die Einschr\u00e4nkung der Verarbeitung Ihrer personenbezogenen Daten zu verlangen, soweit die Richtigkeit der Daten von Ihnen bestritten wird, die Verarbeitung unrechtm\u00e4\u00dfig ist, Sie aber deren L\u00f6schung ablehnen und wir die Daten nicht mehr ben\u00f6tigen, Sie jedoch diese zur Geltendmachung, Aus\u00fcbung oder Verteidigung von Rechtsanspr\u00fcchen ben\u00f6tigen oder Sie gem\u00e4\u00df Art. 21 DSGVO Widerspruch gegen die Verarbeitung eingelegt haben;<\/li>\n<li>ihre personenbezogenen Daten, die Sie uns bereitgestellt haben, in einem strukturierten, g\u00e4ngigen und maschinenlesebaren Format zu erhalten oder die \u00dcbermittlung an einen anderen Verantwortlichen zu verlangen und<\/li>\n<li>Sich bei einer Aufsichtsbeh\u00f6rde zu beschweren. In der Regel k\u00f6nnen Sie sich hierf\u00fcr an die Aufsichtsbeh\u00f6rde Ihres \u00fcblichen Aufenthaltsortes oder Arbeitsplatzes oder unseres Vereinssitzes wenden. Ein anderweitiger verwaltungsrechtlicher oder gerichtlicher Rechtsbehelf bleibt hiervon unbeschadet.<\/li>\n<li>Werden Ihre personenbezogenen Daten auf der Grundlage von berechtigten Interessen gem\u00e4\u00df Art. 6 Abs. 1 S. 1 lit. f DSGVO verarbeitet, haben Sie das Recht, gem\u00e4\u00df Art. 21 DSGVO Widerspruch gegen die Verarbeitung Ihrer personenbezogenen Daten einzulegen, soweit daf\u00fcr Gr\u00fcnde vorliegen, die sich aus Ihrer besonderen Situation ergeben. Dieses Recht gilt auch f\u00fcr ein auf diese Bestimmungen gest\u00fctztes Profiling. Der Verantwortliche verarbeitet die Sie betreffenden personenbezogenen Daten nicht mehr, es sei denn, er kann zwingende schutzw\u00fcrdige Gr\u00fcnde f\u00fcr die Verarbeitung nachweisen, die Ihre Interessen, Rechte und Freiheiten \u00fcberwiegen, oder die Verarbeitung dient der Geltendmachung, Aus\u00fcbung oder Verteidigung von Rechtsanspr\u00fcchen.<\/li>\n<\/ul>\n<p><strong>3. Aktualit\u00e4t<\/strong><br \/>\nDie vorliegende Datenschutzerkl\u00e4rung ist aktuell und entspricht den, ab dem 25.05.2018, g\u00fcltigen Vorschriften der EU-Datenschutzgrundverordnung (DSGVO). Die jeweils aktuelle Datenschutzerkl\u00e4rung ist jederzeit auf unserer Website unter der Rubrik Datenschutz abrufbar (www.tus-wallmerod.de)<\/p>\n","protected":false},"excerpt":{"rendered":"<p>Datenschutzerkl\u00e4rung Die im Folgenden aufgef\u00fchrten datenschutzrechtlichen Hinweise informieren Sie \u00fcber die im Zusammenhang mit dem Besuch der Website erhobenen personenbezogenen Daten und deren Nutzung. Der Verantwortliche im Sinne der Datenschutz-Grundverordnung &hellip; <a href=\"https:\/\/www.tus-wallmerod.de\/?page_id=5982\" class=\"more-link\"><span class=\"screen-reader-text\">Datenschutz<\/span> weiterlesen <span class=\"meta-nav\">&rarr;<\/span><\/a><\/p>\n","protected":false},"author":1,"featured_media":0,"parent":0,"menu_order":99,"comment_status":"closed","ping_status":"closed","template":"","meta":{"ngg_post_thumbnail":0,"footnotes":"","_links_to":"","_links_to_target":""},"class_list":["post-5982","page","type-page","status-publish","hentry"],"_links":{"self":[{"href":"https:\/\/www.tus-wallmerod.de\/index.php?rest_route=\/wp\/v2\/pages\/5982","targetHints":{"allow":["GET"]}}],"collection":[{"href":"https:\/\/www.tus-wallmerod.de\/index.php?rest_route=\/wp\/v2\/pages"}],"about":[{"href":"https:\/\/www.tus-wallmerod.de\/index.php?rest_route=\/wp\/v2\/types\/page"}],"author":[{"embeddable":true,"href":"https:\/\/www.tus-wallmerod.de\/index.php?rest_route=\/wp\/v2\/users\/1"}],"replies":[{"embeddable":true,"href":"https:\/\/www.tus-wallmerod.de\/index.php?rest_route=%2Fwp%2Fv2%2Fcomments&post=5982"}],"version-history":[{"count":8,"href":"https:\/\/www.tus-wallmerod.de\/index.php?rest_route=\/wp\/v2\/pages\/5982\/revisions"}],"predecessor-version":[{"id":6989,"href":"https:\/\/www.tus-wallmerod.de\/index.php?rest_route=\/wp\/v2\/pages\/5982\/revisions\/6989"}],"wp:attachment":[{"href":"https:\/\/www.tus-wallmerod.de\/index.php?rest_route=%2Fwp%2Fv2%2Fmedia&parent=5982"}],"curies":[{"name":"wp","href":"https:\/\/api.w.org\/{rel}","templated":true}]}}