{"id":6895,"date":"2023-08-10T18:46:33","date_gmt":"2023-08-10T16:46:33","guid":{"rendered":"https:\/\/www.tus-wallmerod.de\/?page_id=6895"},"modified":"2023-11-01T21:35:19","modified_gmt":"2023-11-01T20:35:19","slug":"tus-benefits","status":"publish","type":"page","link":"https:\/\/www.tus-wallmerod.de\/?page_id=6895","title":{"rendered":"TuS Benefits"},"content":{"rendered":"\n<ul class=\"wp-block-list\">\n<li>Vielf\u00e4ltiges Sportangebot f\u00fcr Klein und Gro\u00df, welches wir kontinuierlich ausbauen<\/li>\n<\/ul>\n\n\n\n\n\n<ul class=\"wp-block-list\">\n<li>Engagiertes und qualifiziertes \u00dcbungsleiterteam<\/li>\n<\/ul>\n\n\n\n\n\n<ul class=\"wp-block-list\">\n<li>Niedrige Monatsbeitr\u00e4ge<\/li>\n<\/ul>\n\n\n\n\n\n<ul class=\"wp-block-list\">\n<li>M\u00f6glichkeit der Mitglieder an der aktiven Gestaltung des Vereins mitzuwirken (bspw. auf der j\u00e4hrlichen Jahreshauptversammlung)<\/li>\n<\/ul>\n\n\n\n\n\n<ul class=\"wp-block-list\">\n<li>\u00d6ffentlichkeitsarbeit:\n<ul class=\"wp-block-list\">\n<li>auf unserer Webpage<\/li>\n\n\n\n<li>\u00fcber social media wie facebook, Instagramm<\/li>\n\n\n\n<li>im VG Wallmerod Mitteilungsblatt<\/li>\n\n\n\n<li>durch Sportlerehrung der VG Wallmerod<\/li>\n<\/ul>\n<\/li>\n<\/ul>\n","protected":false},"excerpt":{"rendered":"","protected":false},"author":13,"featured_media":0,"parent":14,"menu_order":98,"comment_status":"closed","ping_status":"closed","template":"","meta":{"ngg_post_thumbnail":0,"footnotes":"","_links_to":"","_links_to_target":""},"class_list":["post-6895","page","type-page","status-publish","hentry"],"_links":{"self":[{"href":"https:\/\/www.tus-wallmerod.de\/index.php?rest_route=\/wp\/v2\/pages\/6895","targetHints":{"allow":["GET"]}}],"collection":[{"href":"https:\/\/www.tus-wallmerod.de\/index.php?rest_route=\/wp\/v2\/pages"}],"about":[{"href":"https:\/\/www.tus-wallmerod.de\/index.php?rest_route=\/wp\/v2\/types\/page"}],"author":[{"embeddable":true,"href":"https:\/\/www.tus-wallmerod.de\/index.php?rest_route=\/wp\/v2\/users\/13"}],"replies":[{"embeddable":true,"href":"https:\/\/www.tus-wallmerod.de\/index.php?rest_route=%2Fwp%2Fv2%2Fcomments&post=6895"}],"version-history":[{"count":4,"href":"https:\/\/www.tus-wallmerod.de\/index.php?rest_route=\/wp\/v2\/pages\/6895\/revisions"}],"predecessor-version":[{"id":6906,"href":"https:\/\/www.tus-wallmerod.de\/index.php?rest_route=\/wp\/v2\/pages\/6895\/revisions\/6906"}],"up":[{"embeddable":true,"href":"https:\/\/www.tus-wallmerod.de\/index.php?rest_route=\/wp\/v2\/pages\/14"}],"wp:attachment":[{"href":"https:\/\/www.tus-wallmerod.de\/index.php?rest_route=%2Fwp%2Fv2%2Fmedia&parent=6895"}],"curies":[{"name":"wp","href":"https:\/\/api.w.org\/{rel}","templated":true}]}}